{"id":12,"date":"2013-05-23T15:03:09","date_gmt":"2013-05-23T13:03:09","guid":{"rendered":"http:\/\/www.laconflagration.com\/lapetitegrenouille\/?page_id=12"},"modified":"2013-11-12T14:24:34","modified_gmt":"2013-11-12T13:24:34","slug":"lequipe","status":"publish","type":"page","link":"https:\/\/www.laconflagration.com\/lapetitegrenouille\/lequipe\/","title":{"rendered":"La Vid\u00e9o"},"content":{"rendered":"<p align=\"left\">Un d\u00e9cors vid\u00e9o en stop-motion&#8230; oui, mais c&rsquo;est quoi?<\/p>\n<p>C&rsquo;est une technique d&rsquo;animation permettant de cr\u00e9er un mouvement \u00e0 partir d&rsquo;objets immobiles.\u00a0Le concept est proche de celui du dessin anim\u00e9 : une sc\u00e8ne (en l\u2019occurrence constitu\u00e9e de papiers) est film\u00e9e \u00e0 l&rsquo;aide d&rsquo;une cam\u00e9ra capable de ne prendre qu&rsquo;une seule image \u00e0 la fois (comme une photo). Entre chaque image, les objets de la sc\u00e8ne sont l\u00e9g\u00e8rement d\u00e9plac\u00e9s. Lorsque le film est projet\u00e9 \u00e0 une vitesse normale, la sc\u00e8ne semble anim\u00e9e. Regardez&#8230;<\/p>\n<p><iframe loading=\"lazy\" src=\"\/\/player.vimeo.com\/video\/79177813\" height=\"375\" width=\"500\" allowfullscreen=\"\" frameborder=\"0\"><\/iframe><\/p>\n","protected":false},"excerpt":{"rendered":"<p>Un d\u00e9cors vid\u00e9o en stop-motion&#8230; oui, mais c&rsquo;est quoi? C&rsquo;est une technique d&rsquo;animation permettant de cr\u00e9er un mouvement \u00e0 partir d&rsquo;objets immobiles.\u00a0Le concept est proche de celui du dessin anim\u00e9 : une sc\u00e8ne (en l\u2019occurrence constitu\u00e9e de papiers) est film\u00e9e \u00e0 l&rsquo;aide d&rsquo;une cam\u00e9ra capable de ne prendre qu&rsquo;une seule image \u00e0 la fois (comme [&hellip;]<\/p>\n","protected":false},"author":2,"featured_media":0,"parent":0,"menu_order":0,"comment_status":"closed","ping_status":"closed","template":"","meta":[],"_links":{"self":[{"href":"https:\/\/www.laconflagration.com\/lapetitegrenouille\/wp-json\/wp\/v2\/pages\/12"}],"collection":[{"href":"https:\/\/www.laconflagration.com\/lapetitegrenouille\/wp-json\/wp\/v2\/pages"}],"about":[{"href":"https:\/\/www.laconflagration.com\/lapetitegrenouille\/wp-json\/wp\/v2\/types\/page"}],"author":[{"embeddable":true,"href":"https:\/\/www.laconflagration.com\/lapetitegrenouille\/wp-json\/wp\/v2\/users\/2"}],"replies":[{"embeddable":true,"href":"https:\/\/www.laconflagration.com\/lapetitegrenouille\/wp-json\/wp\/v2\/comments?post=12"}],"version-history":[{"count":13,"href":"https:\/\/www.laconflagration.com\/lapetitegrenouille\/wp-json\/wp\/v2\/pages\/12\/revisions"}],"predecessor-version":[{"id":139,"href":"https:\/\/www.laconflagration.com\/lapetitegrenouille\/wp-json\/wp\/v2\/pages\/12\/revisions\/139"}],"wp:attachment":[{"href":"https:\/\/www.laconflagration.com\/lapetitegrenouille\/wp-json\/wp\/v2\/media?parent=12"}],"curies":[{"name":"wp","href":"https:\/\/api.w.org\/{rel}","templated":true}]}}