{"id":2,"date":"2013-05-21T19:31:39","date_gmt":"2013-05-21T19:31:39","guid":{"rendered":"http:\/\/www.laconflagration.com\/lapetitegrenouille\/?page_id=2"},"modified":"2013-11-11T13:08:58","modified_gmt":"2013-11-11T12:08:58","slug":"spectacle","status":"publish","type":"page","link":"https:\/\/www.laconflagration.com\/lapetitegrenouille\/spectacle\/","title":{"rendered":"Le Spectacle"},"content":{"rendered":"<p><b>La Petite Grenouille<\/b> est une com\u00e9die-multim\u00e9dia-low-tech \u00e0 destination des petits comme des grands, \u00e0 partir de 3 ans. Ce spectacle est une libre adaptation de\u00a0\u00bb <i>La petite grenouille qui avait mal aux oreilles<\/i>\u00ab\u00a0, ouvrage jeunesse r\u00e9alis\u00e9 par Voutch aux \u00e9ditions Circonflexe.<\/p>\n<p>Des d\u00e9cors de papiers-d\u00e9coup\u00e9s-coll\u00e9s sont projet\u00e9s sur un \u00e9cran central, le spectacle est alors \u00e0 mi-chemin entre th\u00e9\u00e2tre et\u00a0 livre jeunesse, r\u00e9alit\u00e9 et r\u00eave, com\u00e9die et trag\u00e9die du quotidien.<\/p>\n<h2>L\u2019Histoire<\/h2>\n<p>Zouzou la petite grenouille a mal aux oreilles. Ses rendez-vous chez les m\u00e9decins s\u2019enchainent dans un rythme effr\u00e9n\u00e9: du grenouillo-oreilliste au pediatrobatraciologue en passant par le grenouillopathe. Mais personne ne s&rsquo;estime comp\u00e9tent pour la soigner, ou personne ne prend le temps de l&rsquo;\u00e9couter &#8230; Embrouill\u00e9e dans les affres du\u00a0 langage, Zouzou reste seule avec son malaise. Et lasse.<\/p>\n<p>Entre les consultations, se glissent des respirations fabuleuses et fabul\u00e9es: la ville telle que la grenouille la per\u00e7oit, lieu de vie et terrain de jeu, comme des \u00e9chapp\u00e9es n\u00e9cessaires et jubilatoires. La musique organique et \u00e9lectronique, composition originale, est un v\u00e9ritable partenaire de jeu. Ludique et interactive (le public participe \u00e0 la cr\u00e9ation de certaines ambiances sonores) elle habite l\u2019espace et rythme la narration.<\/p>\n","protected":false},"excerpt":{"rendered":"<p>La Petite Grenouille est une com\u00e9die-multim\u00e9dia-low-tech \u00e0 destination des petits comme des grands, \u00e0 partir de 3 ans. Ce spectacle est une libre adaptation de\u00a0\u00bb La petite grenouille qui avait mal aux oreilles\u00ab\u00a0, ouvrage jeunesse r\u00e9alis\u00e9 par Voutch aux \u00e9ditions Circonflexe. Des d\u00e9cors de papiers-d\u00e9coup\u00e9s-coll\u00e9s sont projet\u00e9s sur un \u00e9cran central, le spectacle est alors [&hellip;]<\/p>\n","protected":false},"author":1,"featured_media":0,"parent":0,"menu_order":0,"comment_status":"closed","ping_status":"closed","template":"","meta":[],"_links":{"self":[{"href":"https:\/\/www.laconflagration.com\/lapetitegrenouille\/wp-json\/wp\/v2\/pages\/2"}],"collection":[{"href":"https:\/\/www.laconflagration.com\/lapetitegrenouille\/wp-json\/wp\/v2\/pages"}],"about":[{"href":"https:\/\/www.laconflagration.com\/lapetitegrenouille\/wp-json\/wp\/v2\/types\/page"}],"author":[{"embeddable":true,"href":"https:\/\/www.laconflagration.com\/lapetitegrenouille\/wp-json\/wp\/v2\/users\/1"}],"replies":[{"embeddable":true,"href":"https:\/\/www.laconflagration.com\/lapetitegrenouille\/wp-json\/wp\/v2\/comments?post=2"}],"version-history":[{"count":7,"href":"https:\/\/www.laconflagration.com\/lapetitegrenouille\/wp-json\/wp\/v2\/pages\/2\/revisions"}],"predecessor-version":[{"id":128,"href":"https:\/\/www.laconflagration.com\/lapetitegrenouille\/wp-json\/wp\/v2\/pages\/2\/revisions\/128"}],"wp:attachment":[{"href":"https:\/\/www.laconflagration.com\/lapetitegrenouille\/wp-json\/wp\/v2\/media?parent=2"}],"curies":[{"name":"wp","href":"https:\/\/api.w.org\/{rel}","templated":true}]}}