{"id":9,"date":"2013-05-23T15:02:29","date_gmt":"2013-05-23T13:02:29","guid":{"rendered":"http:\/\/www.laconflagration.com\/lapetitegrenouille\/?page_id=9"},"modified":"2015-12-09T19:14:41","modified_gmt":"2015-12-09T18:14:41","slug":"equipe","status":"publish","type":"page","link":"https:\/\/www.laconflagration.com\/lapetitegrenouille\/equipe\/","title":{"rendered":"L&rsquo;Equipe"},"content":{"rendered":"<p align=\"left\"><strong>Maude Buinoud<\/strong> joue Zouzou la grenouille.<\/p>\n<p align=\"left\"><strong>Elsa Mingot<\/strong> joue\u00a0le m\u00e9decin, le sp\u00e9cialiste, le grenouillo-oreilliste, le p\u00e9diatro-batraciologue, la secr\u00e9taire de compagnie d\u2019assurance, le grenouillopathe, mademoiselle Duchoublet et papy Roger.<\/p>\n<p align=\"left\"><strong>Audrey Carrot<\/strong> dompte le son, la lumi\u00e8re et la vid\u00e9o, tout en m\u00eame temps.<\/p>\n<p><strong>Adrien Laborie et Pauline Eschenbrenner<\/strong> (Micromu) ont d\u00e9coup\u00e9, d\u00e9plac\u00e9, photographi\u00e9, anim\u00e9 les petits papiers\u00a0: un soleil, une ville, une jungle, un orage, un alligator, une ambulance, un fond sous-marin\u2026<\/p>\n<p align=\"left\"><strong>Jordan Sa\u00efsset<\/strong> a bidouill\u00e9 des synth\u00e9s, trafiqu\u00e9 des jouets, pirat\u00e9 le vinyle \u00ab\u00a0L\u2019Accouchement sans douleur\u00a0\u00bb et compos\u00e9 plusieurs embouteillages.<\/p>\n<p align=\"left\">\u00a0<strong>Daniel Gonzales<\/strong> a soud\u00e9, viss\u00e9, clou\u00e9, coll\u00e9 34m de m\u00e9tal et 3m\u00b2 de bois.<\/p>\n","protected":false},"excerpt":{"rendered":"<p>Maude Buinoud joue Zouzou la grenouille. Elsa Mingot joue\u00a0le m\u00e9decin, le sp\u00e9cialiste, le grenouillo-oreilliste, le p\u00e9diatro-batraciologue, la secr\u00e9taire de compagnie d\u2019assurance, le grenouillopathe, mademoiselle Duchoublet et papy Roger. Audrey Carrot dompte le son, la lumi\u00e8re et la vid\u00e9o, tout en m\u00eame temps. Adrien Laborie et Pauline Eschenbrenner (Micromu) ont d\u00e9coup\u00e9, d\u00e9plac\u00e9, photographi\u00e9, anim\u00e9 les petits [&hellip;]<\/p>\n","protected":false},"author":2,"featured_media":0,"parent":0,"menu_order":0,"comment_status":"closed","ping_status":"closed","template":"","meta":[],"_links":{"self":[{"href":"https:\/\/www.laconflagration.com\/lapetitegrenouille\/wp-json\/wp\/v2\/pages\/9"}],"collection":[{"href":"https:\/\/www.laconflagration.com\/lapetitegrenouille\/wp-json\/wp\/v2\/pages"}],"about":[{"href":"https:\/\/www.laconflagration.com\/lapetitegrenouille\/wp-json\/wp\/v2\/types\/page"}],"author":[{"embeddable":true,"href":"https:\/\/www.laconflagration.com\/lapetitegrenouille\/wp-json\/wp\/v2\/users\/2"}],"replies":[{"embeddable":true,"href":"https:\/\/www.laconflagration.com\/lapetitegrenouille\/wp-json\/wp\/v2\/comments?post=9"}],"version-history":[{"count":9,"href":"https:\/\/www.laconflagration.com\/lapetitegrenouille\/wp-json\/wp\/v2\/pages\/9\/revisions"}],"predecessor-version":[{"id":144,"href":"https:\/\/www.laconflagration.com\/lapetitegrenouille\/wp-json\/wp\/v2\/pages\/9\/revisions\/144"}],"wp:attachment":[{"href":"https:\/\/www.laconflagration.com\/lapetitegrenouille\/wp-json\/wp\/v2\/media?parent=9"}],"curies":[{"name":"wp","href":"https:\/\/api.w.org\/{rel}","templated":true}]}}