{"id":17,"date":"2015-11-21T21:17:03","date_gmt":"2015-11-21T20:17:03","guid":{"rendered":"http:\/\/www.laconflagration.com\/meduse\/?page_id=17"},"modified":"2021-08-02T17:22:46","modified_gmt":"2021-08-02T16:22:46","slug":"musee-de-la-marine","status":"publish","type":"page","link":"https:\/\/www.laconflagration.com\/meduse\/musee-de-la-marine\/","title":{"rendered":"Mus\u00e9e de la Marine"},"content":{"rendered":"<p>Les collections pr\u00e9sent\u00e9es dans l\u2019ancienne r\u00e9sidence des Commandants de la marine livrent les cl\u00e9s de compr\u00e9hension du grand arsenal voulu par Colbert, et modifi\u00e9 sans cesse jusqu\u2019\u00e0 aujourd\u2019hui. La construction des navires de guerre y est mis en valeur dans toutes ses dimensions : techniques, militaires, \u00e9conomiques, urbaines, plastiques, philosophiques et ouvrent \u00e9galement sur l&rsquo;imaginaire des voyages au long cours. Mod\u00e8les d\u2019arsenaux, outils, tableaux, sculptures racontent l\u2019histoire d\u2019un espace d\u2019\u00c9tat, arsenal exp\u00e9rimental de la Marine fran\u00e7aise. Les collections expos\u00e9es sont autant de t\u00e9moins qui racontent leur morceau d\u2019histoire commune.<\/p>\n<p>Le Mus\u00e9e est un lieu de rencontres entre un public aux attentes larges et diverses, des \u0153uvres et des sp\u00e9cialiste. Par nature espace ouvert, il met en \u0153uvre des outils et des actions pour mettre les collections et les th\u00e9matiques qui leurs sont li\u00e9es au service des interrogations de notre temps. R\u00e9am\u00e9nagements du parcours permanent, audioguides, expositions temporaires, visites g\u00e9n\u00e9rales et th\u00e9matiques, go\u00fbters d\u2019anniversaire, actions p\u00e9dagogiques, concerts, conf\u00e9rences, th\u00e9\u00e2tres, atelier de chants de marin, rencontres, etc. affirment combien la culture maritime est un sujet contemporain.<\/p>\n<p>Le naufrage de la M\u00e9duse occupe une place \u00e0 part dans les 350 ans d\u2019histoire maritime rochefortaise. L\u2019histoire locale, l\u2019histoire nationale et l\u2019histoire de l\u2019art s\u2019y rejoignent de mani\u00e8re unique et m\u00ealent drame humain, scandale politique et image mondialement c\u00e9l\u00e8bre. La mise en place d\u2019une r\u00e9plique du radeau dans la cour en juin 2014, \u00e0 l\u2019occasion du tournage du film de Herl\u00e9 Jouon La v\u00e9ritable histoire du radeau de la M\u00e9duse place le naufrage au c\u0153ur du mus\u00e9e, physiquement et intellectuellement. Le bicentenaire de l\u2019\u00e9v\u00e9nement invite plus que jamais \u00e0 embarquer \u00e0 bord du plus c\u00e9l\u00e8bre radeau de l\u2019histoire.<\/p>\n<p style=\"text-align: left;\">H\u00f4tel de Cheusses<br \/>\n1, place de la Gallissonni\u00e8re<br \/>\n17300 Rochefort<br \/>\nT\u00e9l.. 05 46 99 59 57<br \/>\np.mathieu@musee-marine.fr<br \/>\nd.roland@musee-marine.fr<\/p>\n<p style=\"text-align: left;\">\n","protected":false},"excerpt":{"rendered":"<p>Les collections pr\u00e9sent\u00e9es dans l\u2019ancienne r\u00e9sidence des Commandants de la marine livrent les cl\u00e9s de compr\u00e9hension du grand arsenal voulu par Colbert, et modifi\u00e9 sans cesse jusqu\u2019\u00e0 aujourd\u2019hui. La construction des navires de guerre y est mis en valeur dans&#8230;<\/p>\n","protected":false},"author":2,"featured_media":0,"parent":0,"menu_order":0,"comment_status":"closed","ping_status":"open","template":"","meta":[],"_links":{"self":[{"href":"https:\/\/www.laconflagration.com\/meduse\/wp-json\/wp\/v2\/pages\/17"}],"collection":[{"href":"https:\/\/www.laconflagration.com\/meduse\/wp-json\/wp\/v2\/pages"}],"about":[{"href":"https:\/\/www.laconflagration.com\/meduse\/wp-json\/wp\/v2\/types\/page"}],"author":[{"embeddable":true,"href":"https:\/\/www.laconflagration.com\/meduse\/wp-json\/wp\/v2\/users\/2"}],"replies":[{"embeddable":true,"href":"https:\/\/www.laconflagration.com\/meduse\/wp-json\/wp\/v2\/comments?post=17"}],"version-history":[{"count":3,"href":"https:\/\/www.laconflagration.com\/meduse\/wp-json\/wp\/v2\/pages\/17\/revisions"}],"predecessor-version":[{"id":123,"href":"https:\/\/www.laconflagration.com\/meduse\/wp-json\/wp\/v2\/pages\/17\/revisions\/123"}],"wp:attachment":[{"href":"https:\/\/www.laconflagration.com\/meduse\/wp-json\/wp\/v2\/media?parent=17"}],"curies":[{"name":"wp","href":"https:\/\/api.w.org\/{rel}","templated":true}]}}