{"id":99,"date":"2016-01-09T18:30:31","date_gmt":"2016-01-09T17:30:31","guid":{"rendered":"http:\/\/www.laconflagration.com\/meduse\/?page_id=99"},"modified":"2016-03-16T10:32:58","modified_gmt":"2016-03-16T09:32:58","slug":"presentation","status":"publish","type":"page","link":"https:\/\/www.laconflagration.com\/meduse\/","title":{"rendered":"Un mus\u00e9e, un radeau, un r\u00e9seau"},"content":{"rendered":"<p>A l\u2019occasion du tournage d\u2019un documentaire sur l\u2019histoire du naufrage de la M\u00e9duse en 1816, une r\u00e9plique du c\u00e9l\u00e8bre radeau, immortalis\u00e9 par G\u00e9ricault, a \u00e9t\u00e9 r\u00e9alis\u00e9e d\u2019apr\u00e8s l\u2019ensemble des sources disponibles. Pr\u00e9sent\u00e9e dans la cour du mus\u00e9e \u00e0 partir du mois de juillet, cette <em>machine<\/em> comme l\u2019avait surnomm\u00e9 les rescap\u00e9s, permet d\u2019aborder, de mani\u00e8re concr\u00e8te et spectaculaire, l\u2019une des pages les plus c\u00e9l\u00e8bres et les plus m\u00e9connues de l\u2019histoire maritime et de l\u2019histoire de Rochefort. Car l\u2019arsenal est aux premi\u00e8res loges dans cette affaire humaine, politique et artistique.<\/p>\n<p><strong>Le 17 juin 2016<\/strong>, pour c\u00e9l\u00e9brer le\u00a0bicentenaire du d\u00e9part de <em>la M\u00e9duse<\/em> de Rochefort,\u00a0<a href=\"http:\/\/www.laconflagration.com\/meduse\/musee-de-la-marine\/\">le Mus\u00e9e de la Marine<\/a>\u00a0laissera les cl\u00e9s de l&rsquo;Arsenal \u00e0\u00a0<a href=\"http:\/\/www.laconflagration.com\/meduse\/tec-tap\/\">TEC-TAP<\/a> pour\u00a0qu&rsquo;il y\u00a0r\u00e9alise une oeuvre grand format.<\/p>\n\n\t\t\t<div id='gallery-99-1' class='gallery gallery-99'>\n\t\t\t\t<div class='gallery-row gallery-col-4 gallery-clear'>\n\t\t\t\t\t<figure class='gallery-item col-4'>\n\t\t\t\t\t\t<div class='gallery-icon '><a href='https:\/\/www.laconflagration.com\/meduse\/presentation\/meduse-2\/'><img width=\"263\" height=\"300\" src=\"https:\/\/www.laconflagration.com\/meduse\/wp-content\/uploads\/sites\/5\/2016\/01\/meduse-2-263x300.jpg\" class=\"attachment-medium size-medium\" alt=\"\" loading=\"lazy\" srcset=\"https:\/\/www.laconflagration.com\/meduse\/wp-content\/uploads\/sites\/5\/2016\/01\/meduse-2-263x300.jpg 263w, https:\/\/www.laconflagration.com\/meduse\/wp-content\/uploads\/sites\/5\/2016\/01\/meduse-2-896x1024.jpg 896w, https:\/\/www.laconflagration.com\/meduse\/wp-content\/uploads\/sites\/5\/2016\/01\/meduse-2.jpg 1654w\" sizes=\"(max-width: 263px) 100vw, 263px\" \/><\/a><\/div>\n\t\t\t\t\t<\/figure>\n\t\t\t\t\t<figure class='gallery-item col-4'>\n\t\t\t\t\t\t<div class='gallery-icon '><a href='https:\/\/www.laconflagration.com\/meduse\/presentation\/meduse\/'><img width=\"263\" height=\"300\" src=\"https:\/\/www.laconflagration.com\/meduse\/wp-content\/uploads\/sites\/5\/2016\/01\/meduse-263x300.jpg\" class=\"attachment-medium size-medium\" alt=\"\" loading=\"lazy\" srcset=\"https:\/\/www.laconflagration.com\/meduse\/wp-content\/uploads\/sites\/5\/2016\/01\/meduse-263x300.jpg 263w, https:\/\/www.laconflagration.com\/meduse\/wp-content\/uploads\/sites\/5\/2016\/01\/meduse-896x1024.jpg 896w, https:\/\/www.laconflagration.com\/meduse\/wp-content\/uploads\/sites\/5\/2016\/01\/meduse.jpg 1654w\" sizes=\"(max-width: 263px) 100vw, 263px\" \/><\/a><\/div>\n\t\t\t\t\t<\/figure>\n\t\t\t\t\t<figure class='gallery-item col-4'>\n\t\t\t\t\t\t<div class='gallery-icon '><a href='https:\/\/www.laconflagration.com\/meduse\/presentation\/radeau\/'><img width=\"263\" height=\"300\" src=\"https:\/\/www.laconflagration.com\/meduse\/wp-content\/uploads\/sites\/5\/2016\/01\/radeau-263x300.jpg\" class=\"attachment-medium size-medium\" alt=\"\" loading=\"lazy\" srcset=\"https:\/\/www.laconflagration.com\/meduse\/wp-content\/uploads\/sites\/5\/2016\/01\/radeau-263x300.jpg 263w, https:\/\/www.laconflagration.com\/meduse\/wp-content\/uploads\/sites\/5\/2016\/01\/radeau-896x1024.jpg 896w, https:\/\/www.laconflagration.com\/meduse\/wp-content\/uploads\/sites\/5\/2016\/01\/radeau.jpg 1654w\" sizes=\"(max-width: 263px) 100vw, 263px\" \/><\/a><\/div>\n\t\t\t\t\t<\/figure>\n\t\t\t\t\t<figure class='gallery-item col-4'>\n\t\t\t\t\t\t<div class='gallery-icon '><a href='https:\/\/www.laconflagration.com\/meduse\/presentation\/tete-de-mort\/'><img width=\"212\" height=\"300\" src=\"https:\/\/www.laconflagration.com\/meduse\/wp-content\/uploads\/sites\/5\/2016\/01\/t\u00eate-de-mort-212x300.jpg\" class=\"attachment-medium size-medium\" alt=\"\" loading=\"lazy\" srcset=\"https:\/\/www.laconflagration.com\/meduse\/wp-content\/uploads\/sites\/5\/2016\/01\/t\u00eate-de-mort-212x300.jpg 212w, https:\/\/www.laconflagration.com\/meduse\/wp-content\/uploads\/sites\/5\/2016\/01\/t\u00eate-de-mort-724x1024.jpg 724w, https:\/\/www.laconflagration.com\/meduse\/wp-content\/uploads\/sites\/5\/2016\/01\/t\u00eate-de-mort.jpg 1654w\" sizes=\"(max-width: 212px) 100vw, 212px\" \/><\/a><\/div>\n\t\t\t\t\t<\/figure>\n\t\t\t\t<\/div>\n\t\t\t<\/div><!-- .gallery -->\n\n<p style=\"text-align: right;\">(c) Edda Cahu<\/p>\n","protected":false},"excerpt":{"rendered":"<p>A l\u2019occasion du tournage d\u2019un documentaire sur l\u2019histoire du naufrage de la M\u00e9duse en 1816, une r\u00e9plique du c\u00e9l\u00e8bre radeau, immortalis\u00e9 par G\u00e9ricault, a \u00e9t\u00e9 r\u00e9alis\u00e9e d\u2019apr\u00e8s l\u2019ensemble des sources disponibles. Pr\u00e9sent\u00e9e dans la cour du mus\u00e9e \u00e0 partir du&#8230;<\/p>\n","protected":false},"author":2,"featured_media":0,"parent":0,"menu_order":0,"comment_status":"closed","ping_status":"closed","template":"","meta":[],"_links":{"self":[{"href":"https:\/\/www.laconflagration.com\/meduse\/wp-json\/wp\/v2\/pages\/99"}],"collection":[{"href":"https:\/\/www.laconflagration.com\/meduse\/wp-json\/wp\/v2\/pages"}],"about":[{"href":"https:\/\/www.laconflagration.com\/meduse\/wp-json\/wp\/v2\/types\/page"}],"author":[{"embeddable":true,"href":"https:\/\/www.laconflagration.com\/meduse\/wp-json\/wp\/v2\/users\/2"}],"replies":[{"embeddable":true,"href":"https:\/\/www.laconflagration.com\/meduse\/wp-json\/wp\/v2\/comments?post=99"}],"version-history":[{"count":8,"href":"https:\/\/www.laconflagration.com\/meduse\/wp-json\/wp\/v2\/pages\/99\/revisions"}],"predecessor-version":[{"id":157,"href":"https:\/\/www.laconflagration.com\/meduse\/wp-json\/wp\/v2\/pages\/99\/revisions\/157"}],"wp:attachment":[{"href":"https:\/\/www.laconflagration.com\/meduse\/wp-json\/wp\/v2\/media?parent=99"}],"curies":[{"name":"wp","href":"https:\/\/api.w.org\/{rel}","templated":true}]}}