{"id":35,"date":"2021-11-18T10:22:37","date_gmt":"2021-11-18T09:22:37","guid":{"rendered":"https:\/\/www.laconflagration.com\/sonde\/?page_id=35"},"modified":"2021-12-07T10:42:11","modified_gmt":"2021-12-07T09:42:11","slug":"projet","status":"publish","type":"page","link":"https:\/\/www.laconflagration.com\/sonde\/projet\/","title":{"rendered":"Projet"},"content":{"rendered":"\t\t<div data-elementor-type=\"wp-page\" data-elementor-id=\"35\" class=\"elementor elementor-35\" data-elementor-settings=\"[]\">\n\t\t\t\t\t\t\t<div class=\"elementor-section-wrap\">\n\t\t\t\t\t\t\t<section class=\"elementor-section elementor-top-section elementor-element elementor-element-fc0e0aa elementor-section-stretched elementor-section-boxed elementor-section-height-default elementor-section-height-default\" data-id=\"fc0e0aa\" data-element_type=\"section\" data-settings=\"{&quot;stretch_section&quot;:&quot;section-stretched&quot;}\">\n\t\t\t\t\t\t<div class=\"elementor-container elementor-column-gap-default\">\n\t\t\t\t\t<div class=\"elementor-column elementor-col-50 elementor-top-column elementor-element elementor-element-08add89\" data-id=\"08add89\" data-element_type=\"column\">\n\t\t\t<div class=\"elementor-widget-wrap elementor-element-populated\">\n\t\t\t\t\t\t\t\t<div class=\"elementor-element elementor-element-f7c8e51 elementor-widget elementor-widget-image\" data-id=\"f7c8e51\" data-element_type=\"widget\" data-widget_type=\"image.default\">\n\t\t\t\t<div class=\"elementor-widget-container\">\n\t\t\t\t\t\t\t\t\t\t\t\t\t\t\t<img width=\"750\" height=\"1000\" src=\"https:\/\/www.laconflagration.com\/sonde\/wp-content\/uploads\/sites\/6\/2021\/12\/sondeprojet-768x1024.png\" class=\"attachment-large size-large\" alt=\"\" loading=\"lazy\" srcset=\"https:\/\/www.laconflagration.com\/sonde\/wp-content\/uploads\/sites\/6\/2021\/12\/sondeprojet-768x1024.png 768w, https:\/\/www.laconflagration.com\/sonde\/wp-content\/uploads\/sites\/6\/2021\/12\/sondeprojet-225x300.png 225w, https:\/\/www.laconflagration.com\/sonde\/wp-content\/uploads\/sites\/6\/2021\/12\/sondeprojet-1152x1536.png 1152w, https:\/\/www.laconflagration.com\/sonde\/wp-content\/uploads\/sites\/6\/2021\/12\/sondeprojet.png 1417w\" sizes=\"(max-width: 750px) 100vw, 750px\" style=\"width:100%;height:133.38%;max-width:1417px\" \/>\t\t\t\t\t\t\t\t\t\t\t\t\t\t\t<\/div>\n\t\t\t\t<\/div>\n\t\t\t\t\t<\/div>\n\t\t<\/div>\n\t\t\t\t<div class=\"elementor-column elementor-col-50 elementor-top-column elementor-element elementor-element-5659696\" data-id=\"5659696\" data-element_type=\"column\">\n\t\t\t<div class=\"elementor-widget-wrap elementor-element-populated\">\n\t\t\t\t\t\t\t\t<div class=\"elementor-element elementor-element-b816f46 elementor-widget elementor-widget-text-editor\" data-id=\"b816f46\" data-element_type=\"widget\" data-widget_type=\"text-editor.default\">\n\t\t\t\t<div class=\"elementor-widget-container\">\n\t\t\t\t\t\t\t<p>En 1972, la NASA envoyait la sonde Pioneer 10 dans l\u2019espace, avec pour mission de faire une premi\u00e8re reconnaissance des r\u00e9gions externes du syst\u00e8me solaire, au-del\u00e0 de l&rsquo;orbite de Mars, qui n&rsquo;avaient jamais \u00e9t\u00e9 explor\u00e9es jusque-l\u00e0. <br \/>A l\u2019heure actuelle cette sonde d\u00e9rive encore. C\u2019est m\u00eame l\u2019objet envoy\u00e9 par l\u2019humanit\u00e9 qui se trouve aujourd\u2019hui le plus loin de la plan\u00e8te Terre. A bord de cette sonde, il y a une plaque m\u00e9tallique sur laquelle un message pictural est grav\u00e9 \u00e0 destination d&rsquo;\u00e9ventuels \u00eatres extraterrestres. <br \/>Cette plaque est consid\u00e9r\u00e9e comme une \u00ab bouteille \u00e0 la mer interstellaire \u00bb, les probabilit\u00e9s qu&rsquo;elle soit d\u00e9couverte \u00e9tant proches de z\u00e9ro.<\/p><p>SONDE 2.0.1. est un projet scientifique et philosophique autour de la sonde Pionner 10&prime; et de cette fameuse plaque. Par le biais de l\u2019astrophysique, de l\u2019anthropologie, du design et des math\u00e9matiques, 12 personnes d\u00e9tenues \u00e0 la maison d\u2019arr\u00eat de Fleury-M\u00e9rogis s\u2019interrogent sur leur repr\u00e9sentation d&rsquo;elles-m\u00eames : comment repr\u00e9senter l\u2019humanit\u00e9? <br \/>D\u2019ateliers astronomiques en croquis et prototypes, elles tireront les conclusions indispensables \u00e0 la cr\u00e9ation d\u2019une nouvelle plaque qu\u2019elles enverront symboliquement dans l\u2019espace depuis la Station de Radioastronomie de Nan\u00e7ay (en ballon m\u00e9t\u00e9orologique).<\/p>\t\t\t\t\t\t<\/div>\n\t\t\t\t<\/div>\n\t\t\t\t\t<\/div>\n\t\t<\/div>\n\t\t\t\t\t\t\t<\/div>\n\t\t<\/section>\n\t\t\t\t<section class=\"elementor-section elementor-top-section elementor-element elementor-element-d111156 elementor-section-boxed elementor-section-height-default elementor-section-height-default\" data-id=\"d111156\" data-element_type=\"section\">\n\t\t\t\t\t\t<div class=\"elementor-container elementor-column-gap-default\">\n\t\t\t\t\t<div class=\"elementor-column elementor-col-100 elementor-top-column elementor-element elementor-element-2305396\" data-id=\"2305396\" data-element_type=\"column\">\n\t\t\t<div class=\"elementor-widget-wrap elementor-element-populated\">\n\t\t\t\t\t\t\t\t<div class=\"elementor-element elementor-element-44ae87f elementor-widget-divider--view-line elementor-widget elementor-widget-divider\" data-id=\"44ae87f\" data-element_type=\"widget\" data-widget_type=\"divider.default\">\n\t\t\t\t<div class=\"elementor-widget-container\">\n\t\t\t\t\t<div class=\"elementor-divider\">\n\t\t\t<span class=\"elementor-divider-separator\">\n\t\t\t\t\t\t<\/span>\n\t\t<\/div>\n\t\t\t\t<\/div>\n\t\t\t\t<\/div>\n\t\t\t\t\t<\/div>\n\t\t<\/div>\n\t\t\t\t\t\t\t<\/div>\n\t\t<\/section>\n\t\t\t\t<section class=\"elementor-section elementor-top-section elementor-element elementor-element-af2b36e elementor-section-stretched elementor-section-boxed elementor-section-height-default elementor-section-height-default\" data-id=\"af2b36e\" data-element_type=\"section\" data-settings=\"{&quot;stretch_section&quot;:&quot;section-stretched&quot;}\">\n\t\t\t\t\t\t<div class=\"elementor-container elementor-column-gap-default\">\n\t\t\t\t\t<div class=\"elementor-column elementor-col-50 elementor-top-column elementor-element elementor-element-3a27430\" data-id=\"3a27430\" data-element_type=\"column\">\n\t\t\t<div class=\"elementor-widget-wrap elementor-element-populated\">\n\t\t\t\t\t\t\t\t<div class=\"elementor-element elementor-element-ee22ed1 elementor-widget elementor-widget-heading\" data-id=\"ee22ed1\" data-element_type=\"widget\" data-widget_type=\"heading.default\">\n\t\t\t\t<div class=\"elementor-widget-container\">\n\t\t\t<h2 class=\"elementor-heading-title elementor-size-default\">BONUS<\/h2>\t\t<\/div>\n\t\t\t\t<\/div>\n\t\t\t\t\t<\/div>\n\t\t<\/div>\n\t\t\t\t<div class=\"elementor-column elementor-col-50 elementor-top-column elementor-element elementor-element-9f6bec2\" data-id=\"9f6bec2\" data-element_type=\"column\">\n\t\t\t<div class=\"elementor-widget-wrap elementor-element-populated\">\n\t\t\t\t\t\t\t\t<div class=\"elementor-element elementor-element-e2353c2 elementor-widget elementor-widget-text-editor\" data-id=\"e2353c2\" data-element_type=\"widget\" data-widget_type=\"text-editor.default\">\n\t\t\t\t<div class=\"elementor-widget-container\">\n\t\t\t\t\t\t\t<p>Parall\u00e8lement \u00e0 la cr\u00e9ation de la SONDE 2.0.1, 12 personnes d\u00e9tenues \u00e0 Fleury M\u00e9rogis ont compos\u00e9 un OVNI sonore diffus\u00e9 le jour du lancement et envoy\u00e9 dans l\u2019espace en r\u00e9ponse aux ondes capt\u00e9es \u00e0 la station de Nan\u00e7ay.<\/p>\t\t\t\t\t\t<\/div>\n\t\t\t\t<\/div>\n\t\t\t\t\t<\/div>\n\t\t<\/div>\n\t\t\t\t\t\t\t<\/div>\n\t\t<\/section>\n\t\t\t\t\t\t<\/div>\n\t\t\t\t\t<\/div>\n\t\t","protected":false},"excerpt":{"rendered":"<p>En 1972, la NASA envoyait la sonde Pioneer 10 dans l\u2019espace, avec pour mission de faire une premi\u00e8re reconnaissance des r\u00e9gions externes du syst\u00e8me solaire, au-del\u00e0 de l&rsquo;orbite de Mars, qui n&rsquo;avaient jamais \u00e9t\u00e9 explor\u00e9es jusque-l\u00e0. A l\u2019heure actuelle cette sonde d\u00e9rive encore. C\u2019est m\u00eame l\u2019objet envoy\u00e9 par l\u2019humanit\u00e9 qui se trouve aujourd\u2019hui le plus&hellip; <a class=\"more-link\" href=\"https:\/\/www.laconflagration.com\/sonde\/projet\/\">Poursuivre la lecture <span class=\"screen-reader-text\">Projet<\/span><\/a><\/p>\n","protected":false},"author":2,"featured_media":0,"parent":0,"menu_order":0,"comment_status":"closed","ping_status":"closed","template":"","meta":[],"_links":{"self":[{"href":"https:\/\/www.laconflagration.com\/sonde\/wp-json\/wp\/v2\/pages\/35"}],"collection":[{"href":"https:\/\/www.laconflagration.com\/sonde\/wp-json\/wp\/v2\/pages"}],"about":[{"href":"https:\/\/www.laconflagration.com\/sonde\/wp-json\/wp\/v2\/types\/page"}],"author":[{"embeddable":true,"href":"https:\/\/www.laconflagration.com\/sonde\/wp-json\/wp\/v2\/users\/2"}],"replies":[{"embeddable":true,"href":"https:\/\/www.laconflagration.com\/sonde\/wp-json\/wp\/v2\/comments?post=35"}],"version-history":[{"count":73,"href":"https:\/\/www.laconflagration.com\/sonde\/wp-json\/wp\/v2\/pages\/35\/revisions"}],"predecessor-version":[{"id":642,"href":"https:\/\/www.laconflagration.com\/sonde\/wp-json\/wp\/v2\/pages\/35\/revisions\/642"}],"wp:attachment":[{"href":"https:\/\/www.laconflagration.com\/sonde\/wp-json\/wp\/v2\/media?parent=35"}],"curies":[{"name":"wp","href":"https:\/\/api.w.org\/{rel}","templated":true}]}}