{"id":43,"date":"2021-11-18T10:26:47","date_gmt":"2021-11-18T09:26:47","guid":{"rendered":"https:\/\/www.laconflagration.com\/sonde\/?page_id=43"},"modified":"2021-12-08T13:28:30","modified_gmt":"2021-12-08T12:28:30","slug":"team","status":"publish","type":"page","link":"https:\/\/www.laconflagration.com\/sonde\/team\/","title":{"rendered":"Team"},"content":{"rendered":"\t\t<div data-elementor-type=\"wp-page\" data-elementor-id=\"43\" class=\"elementor elementor-43\" data-elementor-settings=\"[]\">\n\t\t\t\t\t\t\t<div class=\"elementor-section-wrap\">\n\t\t\t\t\t\t\t<section class=\"elementor-section elementor-top-section elementor-element elementor-element-d835319 elementor-section-stretched elementor-section-boxed elementor-section-height-default elementor-section-height-default\" data-id=\"d835319\" data-element_type=\"section\" data-settings=\"{&quot;stretch_section&quot;:&quot;section-stretched&quot;}\">\n\t\t\t\t\t\t<div class=\"elementor-container elementor-column-gap-default\">\n\t\t\t\t\t<div class=\"elementor-column elementor-col-50 elementor-top-column elementor-element elementor-element-57d561b\" data-id=\"57d561b\" data-element_type=\"column\">\n\t\t\t<div class=\"elementor-widget-wrap elementor-element-populated\">\n\t\t\t\t\t\t\t\t<div class=\"elementor-element elementor-element-e274bd3 elementor-widget elementor-widget-heading\" data-id=\"e274bd3\" data-element_type=\"widget\" data-widget_type=\"heading.default\">\n\t\t\t\t<div class=\"elementor-widget-container\">\n\t\t\t<h2 class=\"elementor-heading-title elementor-size-large\">Equipe<br><\/h2>\t\t<\/div>\n\t\t\t\t<\/div>\n\t\t\t\t\t<\/div>\n\t\t<\/div>\n\t\t\t\t<div class=\"elementor-column elementor-col-50 elementor-top-column elementor-element elementor-element-b0b00f0\" data-id=\"b0b00f0\" data-element_type=\"column\">\n\t\t\t<div class=\"elementor-widget-wrap elementor-element-populated\">\n\t\t\t\t\t\t\t\t<div class=\"elementor-element elementor-element-8745fdb elementor-widget elementor-widget-text-editor\" data-id=\"8745fdb\" data-element_type=\"widget\" data-widget_type=\"text-editor.default\">\n\t\t\t\t<div class=\"elementor-widget-container\">\n\t\t\t\t\t\t\t<p>THINK TANK D1<\/p><p>Biggie,\u00a0 Cosmos, DJ, Doui, DRS, Kriss, MS, N\u00e9reu, Nicolas, Titou, Vinz<\/p><p>\u00a0<\/p><p>THINK TANK D2<\/p><p>Buruina,\u00a0Jafar,\u00a0Lobolodilikie,\u00a0Mamadou, MK, Nicusor, Sa\u00efd O., Yazid Kerkadene<\/p><p>\u00a0<\/p><p>Elsa Mingot : Metteure en sc\u00e8ne<br \/>H\u00e9l\u00e8ne Sanier : Sc\u00e9nographe<br \/>Maud Benest : Designeuse<br \/>Cole Smothers : R\u00e9alisateur<br \/>Sidonie Deschamps : Photographe<br \/>Mireille Broilliard, S\u00e9verine Fel, Elise Chatelain : Musiciennes<br \/>Tristan Treins, Guillaume Gal\u00e9a, St\u00e9phane Lemaire : Techniciens<br \/>Nina Leroux : Charg\u00e9e d\u2019actions culturelles ANIMAKT<br \/>Jos\u00e9phine Jouet : Traductrice-interpr\u00e8te<\/p>\t\t\t\t\t\t<\/div>\n\t\t\t\t<\/div>\n\t\t\t\t\t<\/div>\n\t\t<\/div>\n\t\t\t\t\t\t\t<\/div>\n\t\t<\/section>\n\t\t\t\t<section class=\"elementor-section elementor-top-section elementor-element elementor-element-f95a923 elementor-section-stretched elementor-section-boxed elementor-section-height-default elementor-section-height-default\" data-id=\"f95a923\" data-element_type=\"section\" data-settings=\"{&quot;stretch_section&quot;:&quot;section-stretched&quot;}\">\n\t\t\t\t\t\t<div class=\"elementor-container elementor-column-gap-default\">\n\t\t\t\t\t<div class=\"elementor-column elementor-col-50 elementor-top-column elementor-element elementor-element-4b52aae\" data-id=\"4b52aae\" data-element_type=\"column\">\n\t\t\t<div class=\"elementor-widget-wrap elementor-element-populated\">\n\t\t\t\t\t\t\t\t<div class=\"elementor-element elementor-element-a000e32 elementor-widget elementor-widget-heading\" data-id=\"a000e32\" data-element_type=\"widget\" data-widget_type=\"heading.default\">\n\t\t\t\t<div class=\"elementor-widget-container\">\n\t\t\t<h2 class=\"elementor-heading-title elementor-size-large\">Collaborateurs<\/h2>\t\t<\/div>\n\t\t\t\t<\/div>\n\t\t\t\t\t<\/div>\n\t\t<\/div>\n\t\t\t\t<div class=\"elementor-column elementor-col-50 elementor-top-column elementor-element elementor-element-4a6ea2c\" data-id=\"4a6ea2c\" data-element_type=\"column\">\n\t\t\t<div class=\"elementor-widget-wrap elementor-element-populated\">\n\t\t\t\t\t\t\t\t<div class=\"elementor-element elementor-element-85ea4d6 elementor-widget elementor-widget-text-editor\" data-id=\"85ea4d6\" data-element_type=\"widget\" data-widget_type=\"text-editor.default\">\n\t\t\t\t<div class=\"elementor-widget-container\">\n\t\t\t\t\t\t\t<p>Camille David, Prune Savatofski, Emilie Francez:<\/p><p>Anthropologues, ethnologues ETHNOART.<br \/>Val\u00e9rie Ciarletti: Directrice adjointe du LATMOS, Professeur UVSQ.<br \/>Michel Tagger, Gilles Chalumeau, St\u00e9phane Chevrier : CNRS Orl\u00e9ans LPC2E.<br \/>St\u00e9phane Corbel, Philippe Zarka : Directeurs de la Station de Radioastronomie de Nan\u00e7ay, Observatoire de Paris.<\/p>\t\t\t\t\t\t<\/div>\n\t\t\t\t<\/div>\n\t\t\t\t\t<\/div>\n\t\t<\/div>\n\t\t\t\t\t\t\t<\/div>\n\t\t<\/section>\n\t\t\t\t<section class=\"elementor-section elementor-top-section elementor-element elementor-element-9dbd2af elementor-section-stretched elementor-section-boxed elementor-section-height-default elementor-section-height-default\" data-id=\"9dbd2af\" data-element_type=\"section\" data-settings=\"{&quot;stretch_section&quot;:&quot;section-stretched&quot;}\">\n\t\t\t\t\t\t<div class=\"elementor-container elementor-column-gap-default\">\n\t\t\t\t\t<div class=\"elementor-column elementor-col-50 elementor-top-column elementor-element elementor-element-d4f7cff\" data-id=\"d4f7cff\" data-element_type=\"column\">\n\t\t\t<div class=\"elementor-widget-wrap elementor-element-populated\">\n\t\t\t\t\t\t\t\t<div class=\"elementor-element elementor-element-2df60cc elementor-widget elementor-widget-heading\" data-id=\"2df60cc\" data-element_type=\"widget\" data-widget_type=\"heading.default\">\n\t\t\t\t<div class=\"elementor-widget-container\">\n\t\t\t<h2 class=\"elementor-heading-title elementor-size-large\">Producteur<\/h2>\t\t<\/div>\n\t\t\t\t<\/div>\n\t\t\t\t\t<\/div>\n\t\t<\/div>\n\t\t\t\t<div class=\"elementor-column elementor-col-50 elementor-top-column elementor-element elementor-element-a3b56ef\" data-id=\"a3b56ef\" data-element_type=\"column\">\n\t\t\t<div class=\"elementor-widget-wrap elementor-element-populated\">\n\t\t\t\t\t\t\t\t<div class=\"elementor-element elementor-element-430c222 elementor-widget elementor-widget-text-editor\" data-id=\"430c222\" data-element_type=\"widget\" data-widget_type=\"text-editor.default\">\n\t\t\t\t<div class=\"elementor-widget-container\">\n\t\t\t\t\t\t\t<p>LA CONFLAGRATION est une compagnie marseillaise, bas\u00e9e \u00e0 la Friche Belle de Mai. Elle travaille exclusivement sur des cr\u00e9ations contextuelles. ARTIVISTE, elle centre son activit\u00e9 sur des projets hybrides. INDISCIPLINAIRE, elle travaille au croisement de l\u2019Art, du social, du Th\u00e9\u00e2tre, voire de l\u2019anthropologie.<\/p>\t\t\t\t\t\t<\/div>\n\t\t\t\t<\/div>\n\t\t\t\t\t<\/div>\n\t\t<\/div>\n\t\t\t\t\t\t\t<\/div>\n\t\t<\/section>\n\t\t\t\t<section class=\"elementor-section elementor-top-section elementor-element elementor-element-37021ae elementor-section-stretched elementor-section-boxed elementor-section-height-default elementor-section-height-default\" data-id=\"37021ae\" data-element_type=\"section\" data-settings=\"{&quot;stretch_section&quot;:&quot;section-stretched&quot;}\">\n\t\t\t\t\t\t<div class=\"elementor-container elementor-column-gap-default\">\n\t\t\t\t\t<div class=\"elementor-column elementor-col-50 elementor-top-column elementor-element elementor-element-f7299dd\" data-id=\"f7299dd\" data-element_type=\"column\">\n\t\t\t<div class=\"elementor-widget-wrap elementor-element-populated\">\n\t\t\t\t\t\t\t\t<div class=\"elementor-element elementor-element-6fa1c3a elementor-widget elementor-widget-heading\" data-id=\"6fa1c3a\" data-element_type=\"widget\" data-widget_type=\"heading.default\">\n\t\t\t\t<div class=\"elementor-widget-container\">\n\t\t\t<h2 class=\"elementor-heading-title elementor-size-large\">Partenaires<\/h2>\t\t<\/div>\n\t\t\t\t<\/div>\n\t\t\t\t\t<\/div>\n\t\t<\/div>\n\t\t\t\t<div class=\"elementor-column elementor-col-50 elementor-top-column elementor-element elementor-element-38a5701\" data-id=\"38a5701\" data-element_type=\"column\">\n\t\t\t<div class=\"elementor-widget-wrap elementor-element-populated\">\n\t\t\t\t\t\t\t\t<div class=\"elementor-element elementor-element-dc2abd7 elementor-widget elementor-widget-text-editor\" data-id=\"dc2abd7\" data-element_type=\"widget\" data-widget_type=\"text-editor.default\">\n\t\t\t\t<div class=\"elementor-widget-container\">\n\t\t\t\t\t\t\t<p>DRAC Ile de France &#8211; Culture-Justice \/\/ <br>R\u00e9gion IDF \u2013 DIM ACAV+ \/\/<br>Diagonale Paris-Saclay \/\/<br>DIR SPIP 92 FIPD L\u00e9o Lagrange \/\/ <br>Fondation Humanit\u00e9s, Digital, Num\u00e9rique \/\/ <br>ANIMAKT\/\/<\/p>\t\t\t\t\t\t<\/div>\n\t\t\t\t<\/div>\n\t\t\t\t\t<\/div>\n\t\t<\/div>\n\t\t\t\t\t\t\t<\/div>\n\t\t<\/section>\n\t\t\t\t<section class=\"elementor-section elementor-top-section elementor-element elementor-element-4c95f6c elementor-section-boxed elementor-section-height-default elementor-section-height-default\" data-id=\"4c95f6c\" data-element_type=\"section\">\n\t\t\t\t\t\t<div class=\"elementor-container elementor-column-gap-default\">\n\t\t\t\t\t<div class=\"elementor-column elementor-col-100 elementor-top-column elementor-element elementor-element-a8c7ae6\" data-id=\"a8c7ae6\" data-element_type=\"column\">\n\t\t\t<div class=\"elementor-widget-wrap elementor-element-populated\">\n\t\t\t\t\t\t\t\t<div class=\"elementor-element elementor-element-f971f55 elementor-widget elementor-widget-image\" data-id=\"f971f55\" data-element_type=\"widget\" data-widget_type=\"image.default\">\n\t\t\t\t<div class=\"elementor-widget-container\">\n\t\t\t\t\t\t\t\t\t\t\t\t\t\t\t<img width=\"750\" height=\"266\" src=\"https:\/\/www.laconflagration.com\/sonde\/wp-content\/uploads\/sites\/6\/2021\/12\/laconflagration.png\" class=\"attachment-large size-large\" alt=\"\" loading=\"lazy\" srcset=\"https:\/\/www.laconflagration.com\/sonde\/wp-content\/uploads\/sites\/6\/2021\/12\/laconflagration.png 860w, https:\/\/www.laconflagration.com\/sonde\/wp-content\/uploads\/sites\/6\/2021\/12\/laconflagration-300x106.png 300w, https:\/\/www.laconflagration.com\/sonde\/wp-content\/uploads\/sites\/6\/2021\/12\/laconflagration-768x272.png 768w\" sizes=\"(max-width: 750px) 100vw, 750px\" style=\"width:100%;height:35.47%;max-width:860px\" \/>\t\t\t\t\t\t\t\t\t\t\t\t\t\t\t<\/div>\n\t\t\t\t<\/div>\n\t\t\t\t\t<\/div>\n\t\t<\/div>\n\t\t\t\t\t\t\t<\/div>\n\t\t<\/section>\n\t\t\t\t\t\t<\/div>\n\t\t\t\t\t<\/div>\n\t\t","protected":false},"excerpt":{"rendered":"<p>Equipe THINK TANK D1 Biggie,\u00a0 Cosmos, DJ, Doui, DRS, Kriss, MS, N\u00e9reu, Nicolas, Titou, Vinz \u00a0 THINK TANK D2 Buruina,\u00a0Jafar,\u00a0Lobolodilikie,\u00a0Mamadou, MK, Nicusor, Sa\u00efd O., Yazid Kerkadene \u00a0 Elsa Mingot : Metteure en sc\u00e8neH\u00e9l\u00e8ne Sanier : Sc\u00e9nographeMaud Benest : DesigneuseCole Smothers : R\u00e9alisateurSidonie Deschamps : PhotographeMireille Broilliard, S\u00e9verine Fel, Elise Chatelain : MusiciennesTristan Treins, Guillaume Gal\u00e9a,&hellip; <a class=\"more-link\" href=\"https:\/\/www.laconflagration.com\/sonde\/team\/\">Poursuivre la lecture <span class=\"screen-reader-text\">Team<\/span><\/a><\/p>\n","protected":false},"author":2,"featured_media":0,"parent":0,"menu_order":0,"comment_status":"closed","ping_status":"closed","template":"","meta":[],"_links":{"self":[{"href":"https:\/\/www.laconflagration.com\/sonde\/wp-json\/wp\/v2\/pages\/43"}],"collection":[{"href":"https:\/\/www.laconflagration.com\/sonde\/wp-json\/wp\/v2\/pages"}],"about":[{"href":"https:\/\/www.laconflagration.com\/sonde\/wp-json\/wp\/v2\/types\/page"}],"author":[{"embeddable":true,"href":"https:\/\/www.laconflagration.com\/sonde\/wp-json\/wp\/v2\/users\/2"}],"replies":[{"embeddable":true,"href":"https:\/\/www.laconflagration.com\/sonde\/wp-json\/wp\/v2\/comments?post=43"}],"version-history":[{"count":295,"href":"https:\/\/www.laconflagration.com\/sonde\/wp-json\/wp\/v2\/pages\/43\/revisions"}],"predecessor-version":[{"id":912,"href":"https:\/\/www.laconflagration.com\/sonde\/wp-json\/wp\/v2\/pages\/43\/revisions\/912"}],"wp:attachment":[{"href":"https:\/\/www.laconflagration.com\/sonde\/wp-json\/wp\/v2\/media?parent=43"}],"curies":[{"name":"wp","href":"https:\/\/api.w.org\/{rel}","templated":true}]}}